{"id":1427,"date":"2018-01-15T12:51:08","date_gmt":"2018-01-15T12:51:08","guid":{"rendered":"http:\/\/cesmaingenieros.com\/?page_id=1427"},"modified":"2018-01-18T10:04:39","modified_gmt":"2018-01-18T10:04:39","slug":"conozcanos","status":"publish","type":"page","link":"https:\/\/cesmaingenieros.com\/index.php\/conozcanos\/","title":{"rendered":"Qui\u00e9nes somos"},"content":{"rendered":"<h2>JUAN LUIS BELLOD<\/h2>\n<p>Ingeniero de caminos por la Universidad Polit\u00e9cnica de Madrid. Desde 1984 hasta 1996 ha trabajado como proyectista de estructuras de edificaci\u00f3n y puentes en la empresa ESTEYCO, actividad que compatibiliz\u00f3 durante tres a\u00f1os con la docente e investigadora. En 1996 promueve la creaci\u00f3n de la empresa CESMA Ingenieros, especializada en estructuras, de la que es su director en la actualidad.<\/p>\n<p>Las principales actividades que ha desarrollado durante estos a\u00f1os se han centrado tanto en la redacci\u00f3n de proyectos de obras p\u00fablicas, particularmente de puentes, viaductos y pasarelas, como en la colaboraci\u00f3n con arquitectos en proyectos de estructuras de edificaci\u00f3n singular.<\/p>\n<p>Ha sido miembro del equipo redactor de diversas recomendaciones, normas y publicaciones para el Ministerio de Fomento y otros organismos estatales. Ha intervenido de forma activa en tareas de normalizaci\u00f3n y divulgaci\u00f3n, perteneciendo a diversos comit\u00e9s y grupos de trabajo dependientes de organismos y asociaciones como AENOR y ACHE. Es autor de publicaciones en revistas especializadas y de contribuciones a congresos nacionales e internacionales.<\/p>\n<p>&nbsp;<\/p>\n<p>&nbsp;<\/p>\n<h2>PETER TANNER<\/h2>\n<p>Ingeniero de caminos por la Universidad Polit\u00e9cnica Federal de Z\u00fcrich, ETHZ. En 1989 se incorpor\u00f3 al Instituto de la Construcci\u00f3n Met\u00e1lica, ICOM, de la Ecole Polytechnique F\u00e9d\u00e9rale de Lausanne, EPFL. En 1992 inici\u00f3 su actividad como ingeniero consultor en Espa\u00f1a y desde 1996 en la empresa CESMA Ingenieros, de la que es socio fundador. Compatibiliza esta actividad con sus trabajos de investigaci\u00f3n en el Instituto Eduardo Torroja, IETcc-CSIC, en los campos de la evaluaci\u00f3n de la fiabilidad de las estructuras existentes, modelado de acciones, an\u00e1lisis de riesgos, estudios experimentales y peritajes.<\/p>\n<p>Su actividad profesional se centra en los proyectos de puentes, viaductos, pasarelas, estructuras de edificaci\u00f3n singular desarrollados en estrecha colaboraci\u00f3n con estudios de arquitectos, as\u00ed como en la evaluaci\u00f3n y rehabilitaci\u00f3n de estructuras existentes.<\/p>\n<p>Ha estado involucrado en la redacci\u00f3n de recomendaciones y normas nacionales e internacionales. Es vocal de diferentes comisiones y grupos de trabajo internacionales. Es autor de publicaciones en revistas especializadas y de contribuciones a congresos nacionales e internacionales. Como conferenciante ha sido invitado a simposios en diferentes pa\u00edses de Europa, Am\u00e9rica y Asia.<\/p>\n<p>&nbsp;<\/p>\n","protected":false},"excerpt":{"rendered":"<p>JUAN LUIS BELLOD Ingeniero de caminos por la Universidad Polit\u00e9cnica de Madrid. Desde 1984 hasta 1996 ha trabajado como proyectista de estructuras de edificaci\u00f3n y puentes en la empresa ESTEYCO, actividad que compatibiliz\u00f3 durante tres a\u00f1os con la docente e investigadora. En 1996 promueve la creaci\u00f3n de la empresa CESMA Ingenieros, especializada en estructuras, de [&hellip;]<\/p>\n","protected":false},"author":3,"featured_media":0,"parent":0,"menu_order":0,"comment_status":"closed","ping_status":"closed","template":"","meta":{"_acf_changed":false,"footnotes":""},"class_list":["post-1427","page","type-page","status-publish","hentry"],"acf":[],"_links":{"self":[{"href":"https:\/\/cesmaingenieros.com\/index.php\/wp-json\/wp\/v2\/pages\/1427","targetHints":{"allow":["GET"]}}],"collection":[{"href":"https:\/\/cesmaingenieros.com\/index.php\/wp-json\/wp\/v2\/pages"}],"about":[{"href":"https:\/\/cesmaingenieros.com\/index.php\/wp-json\/wp\/v2\/types\/page"}],"author":[{"embeddable":true,"href":"https:\/\/cesmaingenieros.com\/index.php\/wp-json\/wp\/v2\/users\/3"}],"replies":[{"embeddable":true,"href":"https:\/\/cesmaingenieros.com\/index.php\/wp-json\/wp\/v2\/comments?post=1427"}],"version-history":[{"count":5,"href":"https:\/\/cesmaingenieros.com\/index.php\/wp-json\/wp\/v2\/pages\/1427\/revisions"}],"predecessor-version":[{"id":1650,"href":"https:\/\/cesmaingenieros.com\/index.php\/wp-json\/wp\/v2\/pages\/1427\/revisions\/1650"}],"wp:attachment":[{"href":"https:\/\/cesmaingenieros.com\/index.php\/wp-json\/wp\/v2\/media?parent=1427"}],"curies":[{"name":"wp","href":"https:\/\/api.w.org\/{rel}","templated":true}]}}