{"id":1440,"date":"2018-01-15T17:16:12","date_gmt":"2018-01-15T17:16:12","guid":{"rendered":"http:\/\/cesmaingenieros.com\/?page_id=1440"},"modified":"2018-03-06T17:59:55","modified_gmt":"2018-03-06T17:59:55","slug":"presentacion","status":"publish","type":"page","link":"https:\/\/cesmaingenieros.com\/index.php\/presentacion\/","title":{"rendered":"Presentaci\u00f3n"},"content":{"rendered":"<h2>CESMA Ingenieros<\/h2>\n<p>&nbsp;<\/p>\n<p>Creada en 1996, la empresa Cesma Ingenieros se dedica a la ingenier\u00eda estructural. Desde su sede principal de Madrid y desde sus oficinas de Lima, una veintena de profesionales altamente cualificados desarrollan tanto proyectos de estructuras \u2013puentes y pasarelas, cubiertas, edificios singulares, estructuras soterradas, obras hidr\u00e1ulicas y mar\u00edtimas, etc.\u2013, como de evaluaci\u00f3n de estructuras existentes para su rehabilitaci\u00f3n, ampliaci\u00f3n o refuerzo. Siendo la realizaci\u00f3n de sus ideas la vocaci\u00f3n de Cesma, sus actividades no terminan en la redacci\u00f3n de los proyectos, sino que habitualmente se involucra en la construcci\u00f3n de las obras, asumiendo tareas de Asistencia T\u00e9cnica o de Direcci\u00f3n de Obra.<\/p>\n<p>En cada proyecto, Cesma procura explorar nuevas v\u00edas para traducir los condicionantes funcionales, geom\u00e9tricos, constructivos y econ\u00f3micos propios de una determinada obra, a una soluci\u00f3n estructural consistente e incluso innovadora. M\u00e1s que adaptar una soluci\u00f3n preconcebida a un entorno y a condicionantes funcionales y program\u00e1ticos diferentes, se pretende tomar \u00e9stos como punto de partida o catalizador para una idea estructural. De aqu\u00ed se procede al desarrollo de la soluci\u00f3n conceptual, a su vez paso esencial para alcanzar los objetivos fundamentales que debe cumplir cualquier estructura: seguridad estructural, aptitud en servicio, econom\u00eda y est\u00e9tica. Siguiendo esta filosof\u00eda de trabajo, la estructura de cada obra se adapta a su entorno y su contexto espec\u00edficos, al estar caracterizada por una adecuada combinaci\u00f3n del sistema estructural, de las secciones transversales de los elementos, de los materiales constitutivos, as\u00ed como de los procedimientos de fabricaci\u00f3n y montaje. En Cesma tambi\u00e9n se presta una especial atenci\u00f3n, desde la fase de proyecto, a la inspecci\u00f3n y mantenimiento de las obras, con el fin de garantizar su durabilidad, partiendo de la convicci\u00f3n de que no es la inversi\u00f3n inicial la que se debe optimizar sino el coste acumulado a lo largo de su periodo de servicio.<\/p>\n<p>Esta <em>p\u00e1gina web<\/em> muestra algunas realizaciones representativas de Cesma de los \u00faltimos a\u00f1os, con el deseo de transmitir la filosof\u00eda de trabajo en la que se basan. Demuestran que una concepci\u00f3n estructural moderna y tecnol\u00f3gicamente avanzada puede ser compatible con una soluci\u00f3n cuya elegancia cumpla con las demandas est\u00e9ticas de las sociedades m\u00e1s exigentes, sin necesidad de dejarse llevar por las modas y tendencias pasajeras, ni de recurrir a elementos ineficaces o decorativos. Y todo ello con un coste competitivo, lo que resulta esencial en el ideario de Cesma, en la medida en que las obras de ingenier\u00eda civil habitualmente se financian con dinero p\u00fablico, a cuya inversi\u00f3n eficaz pretende contribuir.<\/p>\n<p><iframe loading=\"lazy\" id=\"video_presentacion\" src=\"https:\/\/player.vimeo.com\/video\/247767745\" width=\"960\" height=\"540\" frameborder=\"0\" webkitallowfullscreen mozallowfullscreen allowfullscreen><\/iframe><\/p>\n<p><a href=\"https:\/\/vimeo.com\/247767745\">CESMA Inicios. Proyectos y Obras 1996-2008<\/a> from <a href=\"https:\/\/vimeo.com\/user77129535\">Cesma Ingenieros<\/a> on <a href=\"https:\/\/vimeo.com\">Vimeo<\/a>.<\/p>\n<p>&nbsp;<\/p>\n<p>&nbsp;<\/p>\n","protected":false},"excerpt":{"rendered":"<p>CESMA Ingenieros &nbsp; Creada en 1996, la empresa Cesma Ingenieros se dedica a la ingenier\u00eda estructural. Desde su sede principal de Madrid y desde sus oficinas de Lima, una veintena de profesionales altamente cualificados desarrollan tanto proyectos de estructuras \u2013puentes y pasarelas, cubiertas, edificios singulares, estructuras soterradas, obras hidr\u00e1ulicas y mar\u00edtimas, etc.\u2013, como de evaluaci\u00f3n [&hellip;]<\/p>\n","protected":false},"author":3,"featured_media":0,"parent":0,"menu_order":0,"comment_status":"closed","ping_status":"closed","template":"","meta":{"_acf_changed":false,"footnotes":""},"class_list":["post-1440","page","type-page","status-publish","hentry"],"acf":[],"_links":{"self":[{"href":"https:\/\/cesmaingenieros.com\/index.php\/wp-json\/wp\/v2\/pages\/1440","targetHints":{"allow":["GET"]}}],"collection":[{"href":"https:\/\/cesmaingenieros.com\/index.php\/wp-json\/wp\/v2\/pages"}],"about":[{"href":"https:\/\/cesmaingenieros.com\/index.php\/wp-json\/wp\/v2\/types\/page"}],"author":[{"embeddable":true,"href":"https:\/\/cesmaingenieros.com\/index.php\/wp-json\/wp\/v2\/users\/3"}],"replies":[{"embeddable":true,"href":"https:\/\/cesmaingenieros.com\/index.php\/wp-json\/wp\/v2\/comments?post=1440"}],"version-history":[{"count":8,"href":"https:\/\/cesmaingenieros.com\/index.php\/wp-json\/wp\/v2\/pages\/1440\/revisions"}],"predecessor-version":[{"id":1939,"href":"https:\/\/cesmaingenieros.com\/index.php\/wp-json\/wp\/v2\/pages\/1440\/revisions\/1939"}],"wp:attachment":[{"href":"https:\/\/cesmaingenieros.com\/index.php\/wp-json\/wp\/v2\/media?parent=1440"}],"curies":[{"name":"wp","href":"https:\/\/api.w.org\/{rel}","templated":true}]}}