{"id":1448,"date":"2018-01-15T17:19:36","date_gmt":"2018-01-15T17:19:36","guid":{"rendered":"http:\/\/cesmaingenieros.com\/?page_id=1448"},"modified":"2023-11-06T10:04:59","modified_gmt":"2023-11-06T10:04:59","slug":"contacto","status":"publish","type":"page","link":"https:\/\/cesmaingenieros.com\/index.php\/contacto\/","title":{"rendered":"Contacto"},"content":{"rendered":"<ul class=\"bloque_address\">\n<li>\n<h3>CESMA INGENIEROS ESPA\u00d1A<\/h3>\n<p>C\/ Villa de Mar\u00edn, 6. Local 4<br \/>\n28029 Madrid<br \/>\nEspa\u00f1a<br \/>\nTel: +34 913 230 907<br \/>\n<a href=\"mailto:cesma@cesmaing.com\">cesma@cesmaing.com<\/a><\/p>\n<p><iframe style=\"border: 1px solid #222;\" src=\"https:\/\/www.google.com\/maps\/embed?pb=!1m14!1m8!1m3!1d851.6652291766386!2d-3.699041885669817!3d40.47549201006782!3m2!1i1024!2i768!4f13.1!3m3!1m2!1s0xd422974ed589a2f%3A0x1e0d853153306285!2sCalle+de+la+Villa+de+Mar%C3%ADn%2C+6%2C+28029+Madrid!5e0!3m2!1ses!2ses!4v1520012606251\" frameborder=\"0\" allowfullscreen=\"allowfullscreen\"><\/iframe><\/li>\n<li>\n<h3>CESMA INGENIEROS PER\u00da<\/h3>\n<p>Av. Jorge Basadre, 607<br \/>\nSan Isidro, Lima<br \/>\nPer\u00fa<br \/>\nTel: +51 962 385 729<br \/>\n<a href=\"mailto:peru@cesmaing.com\">peru@cesmaing.com<\/a><br \/>\n<iframe style=\"border: 1px solid #222;\" src=\"https:\/\/www.google.com\/maps\/embed?pb=!1m18!1m12!1m3!1d579.9239297402527!2d-77.03874639814156!3d-12.09519270798933!2m3!1f0!2f0!3f0!3m2!1i1024!2i768!4f13.1!3m3!1m2!1s0x9105c85c9a8eddf9%3A0xd49e681b6f04630!2sAv.%20Jorge%20Basadre%20Grohmann%20607%2C%20San%20Isidro%2015073%2C%20Per%C3%BA!5e0!3m2!1ses!2ses!4v1699264903844!5m2!1ses!2ses\" width=\"600\" height=\"450\" style=\"border:0;\" allowfullscreen=\"\" loading=\"lazy\" referrerpolicy=\"no-referrer-when-downgrade\"><\/iframe><\/li>\n<\/ul>\n","protected":false},"excerpt":{"rendered":"<p>CESMA INGENIEROS ESPA\u00d1A C\/ Villa de Mar\u00edn, 6. Local 4 28029 Madrid Espa\u00f1a Tel: +34 913 230 907 cesma@cesmaing.com CESMA INGENIEROS PER\u00da Av. Jorge Basadre, 607 San Isidro, Lima Per\u00fa Tel: +51 962 385 729 peru@cesmaing.com<\/p>\n","protected":false},"author":3,"featured_media":0,"parent":0,"menu_order":0,"comment_status":"closed","ping_status":"closed","template":"","meta":{"_acf_changed":false,"footnotes":""},"class_list":["post-1448","page","type-page","status-publish","hentry"],"acf":[],"_links":{"self":[{"href":"https:\/\/cesmaingenieros.com\/index.php\/wp-json\/wp\/v2\/pages\/1448","targetHints":{"allow":["GET"]}}],"collection":[{"href":"https:\/\/cesmaingenieros.com\/index.php\/wp-json\/wp\/v2\/pages"}],"about":[{"href":"https:\/\/cesmaingenieros.com\/index.php\/wp-json\/wp\/v2\/types\/page"}],"author":[{"embeddable":true,"href":"https:\/\/cesmaingenieros.com\/index.php\/wp-json\/wp\/v2\/users\/3"}],"replies":[{"embeddable":true,"href":"https:\/\/cesmaingenieros.com\/index.php\/wp-json\/wp\/v2\/comments?post=1448"}],"version-history":[{"count":17,"href":"https:\/\/cesmaingenieros.com\/index.php\/wp-json\/wp\/v2\/pages\/1448\/revisions"}],"predecessor-version":[{"id":1985,"href":"https:\/\/cesmaingenieros.com\/index.php\/wp-json\/wp\/v2\/pages\/1448\/revisions\/1985"}],"wp:attachment":[{"href":"https:\/\/cesmaingenieros.com\/index.php\/wp-json\/wp\/v2\/media?parent=1448"}],"curies":[{"name":"wp","href":"https:\/\/api.w.org\/{rel}","templated":true}]}}