{"id":1504,"date":"2018-01-16T17:33:04","date_gmt":"2018-01-16T17:33:04","guid":{"rendered":"http:\/\/cesmaingenieros.com\/?page_id=1504"},"modified":"2018-02-24T16:11:21","modified_gmt":"2018-02-24T16:11:21","slug":"articulos","status":"publish","type":"page","link":"https:\/\/cesmaingenieros.com\/index.php\/articulos\/","title":{"rendered":"Art\u00edculos"},"content":{"rendered":"<ul class=\"publicaciones\">\n<li><a href=\"\/wp-content\/uploads\/2018\/01\/1_SEI_Guadalajara-A2.pdf\" target=\"_blank\" rel=\"noopener\">Tanner, P., Bellod, J.L. and Sanz, D. <em>Footbridge over Highway A-2, Guadalajara, Spain<\/em>. Structural Engineering International, Z\u00fcrich, vol. 19, n\u00ba 4, 2009. ISSN 1016-8664, pp. 362-365.<\/a><\/li>\n<li><a href=\"\/wp-content\/uploads\/2018\/01\/2-BRIDGE_Pasarela-Alamin.pdf\" target=\"_blank\" rel=\"noopener\">TANNER, P. <em>New footbridge completes greening of Spanish ravine.<\/em> Bridge Design and Engineering, Issue 55, 2009. ISSN 1359-7493, p.12.<\/a><\/li>\n<li><a href=\"\/wp-content\/uploads\/2018\/01\/3-Llobregat-ruso.pdf\" target=\"_blank\" rel=\"noopener\">\u0422\u0410\u041d\u041d\u0415\u0420, \u041f., \u0411\u0415\u041b\u041b\u041e\u0414, \u0425.\u041b. \u041e\u043f\u0442\u0438\u043c\u0430\u043b\u044c\u043d\u043e\u0435 \u0441\u043e\u0447\u0435\u0442\u0430\u043d\u0438\u0435 \u044d\u043a\u043e\u043d\u043e\u043c\u0438\u0447\u043d\u043e\u0441\u0442\u0438 \u0438 \u044d\u0441\u0442\u0435\u0442\u0438\u0447\u043d\u043e\u0441\u0442\u0438. \u0412\u0438\u0430\u0434\u0443\u043a \u0447\u0435\u0440\u0435\u0437 \u0440. \u041b\u044a\u043e\u0431\u0440\u0435\u0433\u0430\u0442, \u0418\u0441\u043f\u0430\u043d\u0438\u044f. \u041c\u043e\u0441\u0442\u043e\u0441\u0442\u0440\u043e\u0435\u043d\u0438\u0435 \u041c\u0418\u0420\u0410. \u0416\u0443\u0440\u043d\u0430\u043b \u0410\u0441\u0441\u043e\u0446\u0438\u0430\u0446\u0438\u0438 \u043c\u043e\u0441\u0442\u043e\u0441\u0442\u0440\u043e\u0438\u0442\u0435\u043b\u0435\u0439 (\u0424\u043e\u043d\u0434 \u201c\u0410\u041c\u041e\u0421\u0422\u201d), N\u00ba1, 2009, pp. 46-48.<\/a><\/li>\n<li><a href=\"\/wp-content\/uploads\/2018\/01\/4-SEI_Alinghi.pdf\" target=\"_blank\" rel=\"noopener\">Tanner, P. and Bellod, J.L. <em>Alinghi Base for the 32<sup>nd<\/sup> America\u00b4s Cup, Valencia, Spain<\/em>. Structural Engineering International, Z\u00fcrich, vol. 18, n\u00ba 2, 2008. ISSN 1016-8664, pp. 192-195.<\/a><\/li>\n<li><a href=\"\/wp-content\/uploads\/2018\/01\/5-BRIDGE_Llobregat.pdf\" target=\"_blank\" rel=\"noopener\">Tanner, P. and Bellod, J.L. <em>Modesty Prevails: Llobregat river bridge in Spain<\/em>. Bridge Design and Engineering, Issue 51, 2008. ISSN 1359-7493, pp. 30-31.<\/a><\/li>\n<li><a href=\"\/wp-content\/uploads\/2018\/01\/6-HyA_Seguridad-estructural.-Una-lucha-con-incertidumbres.pdf\" target=\"_blank\" rel=\"noopener\">Tanner, P., Lara, C. y Hingorani, R. <em>Seguridad estructural. Una lucha con incertidumbres.<\/em> Hormig\u00f3n y Acero, Madrid, n\u00ba 245, 2007. ISSN 0439-5689, pp. 59-78.<\/a><\/li>\n<li><a href=\"\/wp-content\/uploads\/2018\/01\/7-ICT_Venta-Jamon-y-Cupula-Herschel.pdf\" target=\"_blank\" rel=\"noopener\">Tanner, P. y Bellod, J.L. <em>Puente de la Venta del Jam\u00f3n (Asturias) y C\u00fapula para la instalaci\u00f3n del Telescopio Herschel. Observatorio Astron\u00f3mico de Madrid.<\/em> Construber, \u00c1lava, Bolet\u00edn Informativo n\u00ba 8, 2007, pp. 70-73.<\/a><\/li>\n<li><a href=\"\/wp-content\/uploads\/2018\/01\/8-SEI_Salto-del-Carnero.pdf\" target=\"_blank\" rel=\"noopener\">Tanner, P. and Bellod, J.L. <em>Salto del Carnero Railway Bridge, Saragossa, Spain<\/em>. Structural Engineering International, Z\u00fcrich, vol. 16, n\u00ba 3, 2006. ISSN 1016-8664, pp. 200-203.<\/a><\/li>\n<li><a href=\"\/wp-content\/uploads\/2018\/01\/9-BRIDGE-Pasarelas-Esla.pdf\" target=\"_blank\" rel=\"noopener\">Tanner, P. and Bellod, J.L. <em>Footbridge Awards 2005; the winners and shortlisted projects<\/em>. Bridge Design and Engineering, Issue 41, 2005. ISSN 1359-7493, pp. 39 and 49.<\/a><\/li>\n<li><a href=\"\/wp-content\/uploads\/2018\/01\/10-SEI_Elche-de-la-Sierra.pdf\" target=\"_blank\" rel=\"noopener\">Tanner, P. and Bellod, J.L. <em>Widening of the Elche de la Sierra arch bridge, Spain<\/em>. Structural Engineering International, Z\u00fcrich, vol. 15, n\u00ba 3, 2005. ISSN 1016-8664, pp. 148-150.<\/a><\/li>\n<li><a href=\"\/wp-content\/uploads\/2018\/01\/11-HormigonCemento_Elche-de-la-Sierra.pdf\" target=\"_blank\" rel=\"noopener\">Tanner, P. <em>Nuevos desaf\u00edos para puentes antiguos. La ampliaci\u00f3n del puente arco de Elche de la Sierra. Revista T\u00e9cnica Cemento Hormig\u00f3n, Madrid, n\u00ba 852, 2003. ISSN 0008-8919, pp. 132-145.<\/em><\/a><\/li>\n<li><a href=\"\/wp-content\/uploads\/2018\/01\/12-SEI_Chapin.pdf\" target=\"_blank\" rel=\"noopener\">Tanner, P. and Bellod, J.L. <em>Chapin Stadium Extension, Jerez, Spain<\/em>. Structural Engineering International, Z\u00fcrich, vol. 13, n\u00ba 3, 2003. ISSN 1016-8664, pp. 163-166.<\/a><\/li>\n<li><a href=\"\/wp-content\/uploads\/2018\/01\/13-SEI_Hannover.pdf\" target=\"_blank\" rel=\"noopener\">Tanner, P. and Bellod, J.L. <em>Design for dismantling and reuse of an exhibition pavilion, Germany.<\/em> Structural Engineering International, Z\u00fcrich, vol. 11, n\u00ba 2, 2001. ISSN 1016-8664, pp. 116-119.<\/a><\/li>\n<li><a href=\"\/wp-content\/uploads\/2018\/01\/14-Riesgos-en-edificios.pdf\" target=\"_blank\" rel=\"noopener\">Tanner, P. y Mor\u00e1n, F. <em>Los riesgos en los edificios<\/em>. DIARIO 16. Madrid, 13 de abril 2001.<\/a><\/li>\n<li><a href=\"\/wp-content\/uploads\/2018\/01\/15-Rehabilitacion-Frias.pdf\" target=\"_blank\" rel=\"noopener\">Salda\u00f1a, L., Ortega, L. y Tanner, P. <em>La rehabilitaci\u00f3n del puente sobre el r\u00edo Ebro en Fr\u00edas.<\/em> Hormig\u00f3n y Acero, Madrid, n\u00ba 217, 2000. ISBN 0439-5689, pp. 111-121.<\/a><\/li>\n<li><a href=\"\/wp-content\/uploads\/2018\/01\/16-HyA_Rehabilitacion-de-puentes-del-pasado.pdf\" target=\"_blank\" rel=\"noopener\">Tanner, P. y Ortega, L. <em>Rehabilitaci\u00f3n de puentes del pasado. Una tarea del futuro.<\/em> Hormig\u00f3n y Acero, Madrid, n\u00ba 216, 2000. ISBN 0439-5689, pp. 127-137.<\/a><\/li>\n<li><a href=\"\/wp-content\/uploads\/2018\/01\/17-CAUCE-Hannover.pdf\" target=\"_blank\" rel=\"noopener\">Tanner, P. y Bellod, J.L. <em>El pabell\u00f3n espa\u00f1ol para la EXPO 2000 de Hannover. Desmontable y sostenible.<\/em> Cauce, Madrid, n\u00ba 99, 2000. ISSN 0212-761X, pp. 56-63.<\/a><\/li>\n<li><a href=\"\/wp-content\/uploads\/2018\/01\/18-Stahlbau_Hannover.pdf\" target=\"_blank\" rel=\"noopener\">Tanner, P., Bellod, J.L., Sanz, M., Gutsch, A.-W. und Barthel, T. <em>Verringerung der Montagerisiken durch baubegleitende Messungen am spanischen EXPO-Pavillon<\/em>. Stahlbau, Berlin, vol. 69, n\u00ba 9, 2000. ISSN 0038-9145, pp. 714-718.<\/a><\/li>\n<li><a href=\"\/wp-content\/uploads\/2018\/01\/19-HyA_Analisis-de-riesgos.pdf\" target=\"_blank\" rel=\"noopener\">Tanner, P. <em>An\u00e1lisis de riesgos y planificaci\u00f3n de medidas.<\/em> Hormig\u00f3n y Acero, Madrid, n\u00ba 210, 1999. ISSN 0439-5689, pp. 109-124.<\/a><\/li>\n<li><a href=\"\/wp-content\/uploads\/2018\/01\/20-HyA_DNA-Eurocodigo-4.pdf\" target=\"_blank\" rel=\"noopener\">G\u00f3mez, M. y Tanner, P. <em>El Documento Nacional de Aplicaci\u00f3n del Euroc\u00f3digo 4. Un guiso de normas<\/em>. Hormig\u00f3n y Acero, Madrid, n\u00ba 200, 1996. ISSN 0439-5689, pp. 33-62.<\/a><\/li>\n<li><a href=\"\/wp-content\/uploads\/2018\/01\/21-Comportement-a-la-fatigue-dun-assemblage-soude.pdf\" target=\"_blank\" rel=\"noopener\">Tanner, P., Dubois, V. et Hirt, M.A. <em>Comportement \u00e0 la fatigue d\u2019un assemblage soud\u00e9 en fonction du type d\u2019\u00e9lectrode<\/em>. Construction m\u00e9tallique, Saint-R\u00e9my-l\u00e8s-Chevreuse, vol. 29, n\u00ba 1, 1992. ISSN 0045-8198, pp. 17-22.<\/a><\/li>\n<li><a href=\"\/wp-content\/uploads\/2018\/01\/22-Restlebensdauer-Schweisseiserner-Brucken.pdf\" target=\"_blank\" rel=\"noopener\">Tanner, P. und Hirt, M.A. <em>\u00dcberlegungen zur Restlebensdauer schweisseiserner Br\u00fccken am Beispiel der Basler Wettsteinbr\u00fccke.<\/em> Stahlbau, vol. 60, n\u00ba 7, 1991. ISSN 0038-9145, pp. 211-219.<\/a><\/li>\n<li><a href=\"\/wp-content\/uploads\/2018\/01\/23-Recherches-dans-le-domaine-de-la-fatigue.pdf\" target=\"_blank\" rel=\"noopener\">Dubois, V., Ricci, J.F. et Tanner, P. <em>Recherches dans le domaine de la fatigue<\/em>. Ing\u00e9nieurs et architectes suisses, Lausanne, vol. 115, n\u00ba 20, 1989, pp. 448-452.<\/a><\/li>\n<\/ul>\n","protected":false},"excerpt":{"rendered":"<p>Tanner, P., Bellod, J.L. and Sanz, D. Footbridge over Highway A-2, Guadalajara, Spain. Structural Engineering International, Z\u00fcrich, vol. 19, n\u00ba 4, 2009. ISSN 1016-8664, pp. 362-365. TANNER, P. New footbridge completes greening of Spanish ravine. Bridge Design and Engineering, Issue 55, 2009. ISSN 1359-7493, p.12. \u0422\u0410\u041d\u041d\u0415\u0420, \u041f., \u0411\u0415\u041b\u041b\u041e\u0414, \u0425.\u041b. \u041e\u043f\u0442\u0438\u043c\u0430\u043b\u044c\u043d\u043e\u0435 \u0441\u043e\u0447\u0435\u0442\u0430\u043d\u0438\u0435 \u044d\u043a\u043e\u043d\u043e\u043c\u0438\u0447\u043d\u043e\u0441\u0442\u0438 \u0438 \u044d\u0441\u0442\u0435\u0442\u0438\u0447\u043d\u043e\u0441\u0442\u0438. \u0412\u0438\u0430\u0434\u0443\u043a [&hellip;]<\/p>\n","protected":false},"author":3,"featured_media":0,"parent":0,"menu_order":0,"comment_status":"closed","ping_status":"closed","template":"","meta":{"_acf_changed":false,"footnotes":""},"class_list":["post-1504","page","type-page","status-publish","hentry"],"acf":[],"_links":{"self":[{"href":"https:\/\/cesmaingenieros.com\/index.php\/wp-json\/wp\/v2\/pages\/1504","targetHints":{"allow":["GET"]}}],"collection":[{"href":"https:\/\/cesmaingenieros.com\/index.php\/wp-json\/wp\/v2\/pages"}],"about":[{"href":"https:\/\/cesmaingenieros.com\/index.php\/wp-json\/wp\/v2\/types\/page"}],"author":[{"embeddable":true,"href":"https:\/\/cesmaingenieros.com\/index.php\/wp-json\/wp\/v2\/users\/3"}],"replies":[{"embeddable":true,"href":"https:\/\/cesmaingenieros.com\/index.php\/wp-json\/wp\/v2\/comments?post=1504"}],"version-history":[{"count":10,"href":"https:\/\/cesmaingenieros.com\/index.php\/wp-json\/wp\/v2\/pages\/1504\/revisions"}],"predecessor-version":[{"id":1803,"href":"https:\/\/cesmaingenieros.com\/index.php\/wp-json\/wp\/v2\/pages\/1504\/revisions\/1803"}],"wp:attachment":[{"href":"https:\/\/cesmaingenieros.com\/index.php\/wp-json\/wp\/v2\/media?parent=1504"}],"curies":[{"name":"wp","href":"https:\/\/api.w.org\/{rel}","templated":true}]}}