{"id":1639,"date":"2018-01-17T18:01:03","date_gmt":"2018-01-17T18:01:03","guid":{"rendered":"http:\/\/cesmaingenieros.com\/?page_id=1639"},"modified":"2018-01-17T18:01:03","modified_gmt":"2018-01-17T18:01:03","slug":"notas-de-prensa","status":"publish","type":"page","link":"https:\/\/cesmaingenieros.com\/index.php\/notas-de-prensa\/","title":{"rendered":"Notas de prensa"},"content":{"rendered":"<ul class=\"publicaciones\">\n<li><a href=\"\/wp-content\/uploads\/2018\/01\/1_2009-04-04-Noticias-de-Gipuzkoa.pdf\" target=\"_blank\"><em>Concluyen las obras del nuevo enlace Herrera-Intxaurrondo, que absorber\u00e1 5.000 veh\u00edculos al d\u00eda<\/em>. Noticias de Gipuzkoa. S\u00e1bado, 4 de abril de 2009.<\/a><\/li>\n<li><a href=\"\/wp-content\/uploads\/2018\/01\/2_2008-08-08-ABC.pdf\" target=\"_blank\"><em>La pasarela sobre el Barranco del Alam\u00edn ya puede ser transitada<\/em>. ABC.es. Viernes, 8 de agosto de 2008.<\/a><\/li>\n<li><a href=\"\/wp-content\/uploads\/2018\/01\/3_2008-08-07-El-Decano.pdf\" target=\"_blank\"><em>La nueva pasarela sobre el Barranco del Alam\u00edn ya conecta la zona antigua con los \u201cnuevos\u201d barrios<\/em>. El Decano.es. Jueves, 7 de agosto de 2008.<\/a><\/li>\n<li><a href=\"\/wp-content\/uploads\/2018\/01\/4_2008-06-14-ABC.pdf\" target=\"_blank\"><em>Pasarelas peatonales de dise\u00f1o unir\u00e1n seis distritos a ambos lados del r\u00edo<\/em>. ABC. S\u00e1bado, 14 de junio de 2008.<\/a><\/li>\n<li><a href=\"\/wp-content\/uploads\/2018\/01\/5_2008-06-13-El-Pais.pdf\" target=\"_blank\"><em>La pasarela Y, la b\u00f3veda y el tirabuz\u00f3n<\/em>. El Pa\u00eds.com. Viernes, 13 de junio de 2008.<\/a><\/li>\n<li><a href=\"\/wp-content\/uploads\/2018\/01\/6_2008-04-25-El-Mundo.pdf\" target=\"_blank\"><em>Seis pasos para cruzar la M-30<\/em>. El Mundo. Viernes, 25 de abril de 2008.<\/a><\/li>\n<li><a href=\"\/wp-content\/uploads\/2018\/01\/7_2008-03-08-La-Tribuna-de-Guadalajara.pdf\" target=\"_blank\"><em>Los vecinos de la capital ya pueden utilizar la tan ansiada pasarela<\/em>. La tribuna de Guadalajara. S\u00e1bado, 8 de marzo de 2008.<\/a><\/li>\n<li><a href=\"\/wp-content\/uploads\/2018\/01\/8_2008-Marzo-Arquisur.pdf\" target=\"_blank\"><em>Puesto en servicio un nuevo puente de acceso a Isla Canela, en Huelva<\/em>. Arquisur. Marzo de 2008.<\/a><\/li>\n<li><a href=\"\/wp-content\/uploads\/2018\/01\/9_2007-11-10-La-Vanguardia.pdf\" target=\"_blank\"><em>El Pirineo, m\u00e1s cerca<\/em>. La Vanguardia. S\u00e1bado, 10 de noviembre de 2007.<\/a><\/li>\n<li><a href=\"\/wp-content\/uploads\/2018\/01\/10_2007-03-20-El-Pais.pdf\" target=\"_blank\"><em>Gallard\u00f3n inaugura hoy con cinco meses de retraso la salida de Las Tablas a la M-40<\/em>. El Pa\u00eds. Martes, 20 de marzo de 2007.<\/a><\/li>\n<li><a href=\"\/wp-content\/uploads\/2018\/01\/11_2006-06-21-El-Pais.pdf\" target=\"_blank\"><em>El coraz\u00f3n de la regata<\/em>. El Pa\u00eds. Miercoles, 21 de junio de 2006.<\/a><\/li>\n<li><a href=\"\/wp-content\/uploads\/2018\/01\/12_2005-12-16-La-tribuna-de-Guadalajara.pdf\" target=\"_blank\"><em>La pasarela sobre la A-2 ser\u00e1 transitable a finales de 2006<\/em>. La tribuna de Guadalajara. Viernes, 16 de diciembre de 2005.<\/a><\/li>\n<li><a href=\"\/wp-content\/uploads\/2018\/01\/13_2005-12-16-El-Dia-de-Guadalajara.pdf\" target=\"_blank\"><em>La calle peatonal sobre la A-2, en diciembre de 2006<\/em>. El D\u00eda de Guadalajara. Viernes, 16 de diciembre de 2005.<\/a><\/li>\n<li><a href=\"\/wp-content\/uploads\/2018\/01\/14_2004-06-03-El-Pais.pdf\" target=\"_blank\"><em>El telescopio de Herschel regresa al Retiro<\/em>. El Pa\u00eds. Jueves, 3 de junio de 2004.<\/a><\/li>\n<li><a href=\"\/wp-content\/uploads\/2018\/01\/15_2004-05-14-Nueva-Alcarria.pdf\" target=\"_blank\"><em>Aguas Vivas no podr\u00e1 usar el nuevo puente hasta 2005<\/em>. Nueva Alcarria. Viernes, 14 de mayo de 2004.<\/a><\/li>\n<\/ul>\n","protected":false},"excerpt":{"rendered":"<p>Concluyen las obras del nuevo enlace Herrera-Intxaurrondo, que absorber\u00e1 5.000 veh\u00edculos al d\u00eda. Noticias de Gipuzkoa. S\u00e1bado, 4 de abril de 2009. La pasarela sobre el Barranco del Alam\u00edn ya puede ser transitada. ABC.es. Viernes, 8 de agosto de 2008. La nueva pasarela sobre el Barranco del Alam\u00edn ya conecta la zona antigua con los [&hellip;]<\/p>\n","protected":false},"author":3,"featured_media":0,"parent":0,"menu_order":0,"comment_status":"closed","ping_status":"closed","template":"","meta":{"_acf_changed":false,"footnotes":""},"class_list":["post-1639","page","type-page","status-publish","hentry"],"acf":[],"_links":{"self":[{"href":"https:\/\/cesmaingenieros.com\/index.php\/wp-json\/wp\/v2\/pages\/1639","targetHints":{"allow":["GET"]}}],"collection":[{"href":"https:\/\/cesmaingenieros.com\/index.php\/wp-json\/wp\/v2\/pages"}],"about":[{"href":"https:\/\/cesmaingenieros.com\/index.php\/wp-json\/wp\/v2\/types\/page"}],"author":[{"embeddable":true,"href":"https:\/\/cesmaingenieros.com\/index.php\/wp-json\/wp\/v2\/users\/3"}],"replies":[{"embeddable":true,"href":"https:\/\/cesmaingenieros.com\/index.php\/wp-json\/wp\/v2\/comments?post=1639"}],"version-history":[{"count":1,"href":"https:\/\/cesmaingenieros.com\/index.php\/wp-json\/wp\/v2\/pages\/1639\/revisions"}],"predecessor-version":[{"id":1640,"href":"https:\/\/cesmaingenieros.com\/index.php\/wp-json\/wp\/v2\/pages\/1639\/revisions\/1640"}],"wp:attachment":[{"href":"https:\/\/cesmaingenieros.com\/index.php\/wp-json\/wp\/v2\/media?parent=1639"}],"curies":[{"name":"wp","href":"https:\/\/api.w.org\/{rel}","templated":true}]}}